{"id":10,"date":"2012-08-26T15:36:49","date_gmt":"2012-08-26T19:36:49","guid":{"rendered":"http:\/\/myminerals.ca\/?page_id=10"},"modified":"2026-02-15T16:20:07","modified_gmt":"2026-02-15T21:20:07","slug":"ou-nous-trouver","status":"publish","type":"page","link":"https:\/\/myminerals.ca\/en\/ou-nous-trouver\/","title":{"rendered":"Where to find us"},"content":{"rendered":"<p>Au cours de nos excursions, nous avons fait plusieurs d\u00e9couvertes. Dans notre site, nous vous pr\u00e9sentons quelques photos de nos trouvailles.<\/p>\n<p>Vous \u00eates int\u00e9ress\u00e9 par nos d\u00e9couvertes? les min\u00e9raux de Bulgarie et autres min\u00e9raux? Visitez notre boutique, envoyez-nous un message ou venez nous rencontrer aux salons suivants : Salon des min\u00e9raux et fossiles de Qu\u00e9bec du Club de Min\u00e9ralogie de Qu\u00e9bec, \u00e0 l&rsquo;ar\u00e9na Patrick-Poulin dans le secteur Vanier.<\/p>\n<p>Fin mai : Salon des pierres, min\u00e9raux et fossiles de Montr\u00e9al, \u00e0 l&rsquo;ar\u00e9na Ch\u00e9nier.<\/p>\n<p>En ao\u00fbt: Foire des min\u00e9raux de la mine Jeffrey et d&rsquo;ailleurs, Ar\u00e9na Connie-Dion, Val des Sources ( Abestos ).<\/p>\n<p>En septembre ou octobre : la Foire du Mus\u00e9e min\u00e9ralogique de Thetford Mines.<\/p>\n\n\n<p class=\"wp-block-paragraph\">Pour nous joindre: info@myminerals.ca<\/p>\n\n\n\n<p class=\"wp-block-paragraph\"><\/p>\n\n\n\n<p class=\"wp-block-paragraph\"><\/p>\n\n\n\n<figure class=\"wp-block-image size-full is-style-rounded\"><a href=\"https:\/\/myminerals.ca\/wp-content\/uploads\/2017\/12\/PB241308-scaled.jpg\"><img fetchpriority=\"high\" decoding=\"async\" width=\"2560\" height=\"1920\" src=\"https:\/\/myminerals.ca\/wp-content\/uploads\/2017\/12\/PB241308-scaled.jpg\" alt=\"\" class=\"wp-image-310\" srcset=\"https:\/\/myminerals.ca\/wp-content\/uploads\/2017\/12\/PB241308-scaled.jpg 2560w, https:\/\/myminerals.ca\/wp-content\/uploads\/2017\/12\/PB241308-scaled-300x225.jpg 300w, https:\/\/myminerals.ca\/wp-content\/uploads\/2017\/12\/PB241308-scaled-600x450.jpg 600w\" sizes=\"(max-width: 2560px) 100vw, 2560px\" \/><\/a><\/figure>","protected":false},"excerpt":{"rendered":"<p>Au cours de nos excursions, nous avons fait plusieurs d\u00e9couvertes. Dans notre site, nous vous pr\u00e9sentons quelques photos de nos trouvailles. Vous \u00eates int\u00e9ress\u00e9 par nos d\u00e9couvertes? les min\u00e9raux de Bulgarie et autres min\u00e9raux? Visitez notre boutique, envoyez-nous un message &hellip;<\/p>\n<p class=\"read-more\"> <a class=\"more-link\" href=\"https:\/\/myminerals.ca\/en\/ou-nous-trouver\/\"> <span class=\"screen-reader-text\">Where to find us<\/span> Read More &raquo;<\/a><\/p>","protected":false},"author":3,"featured_media":0,"parent":0,"menu_order":0,"comment_status":"open","ping_status":"open","template":"","meta":{"_crdt_document":"","footnotes":""},"class_list":["post-10","page","type-page","status-publish","hentry"],"jetpack_sharing_enabled":true,"_links":{"self":[{"href":"https:\/\/myminerals.ca\/en\/wp-json\/wp\/v2\/pages\/10","targetHints":{"allow":["GET"]}}],"collection":[{"href":"https:\/\/myminerals.ca\/en\/wp-json\/wp\/v2\/pages"}],"about":[{"href":"https:\/\/myminerals.ca\/en\/wp-json\/wp\/v2\/types\/page"}],"author":[{"embeddable":true,"href":"https:\/\/myminerals.ca\/en\/wp-json\/wp\/v2\/users\/3"}],"replies":[{"embeddable":true,"href":"https:\/\/myminerals.ca\/en\/wp-json\/wp\/v2\/comments?post=10"}],"version-history":[{"count":35,"href":"https:\/\/myminerals.ca\/en\/wp-json\/wp\/v2\/pages\/10\/revisions"}],"predecessor-version":[{"id":1396,"href":"https:\/\/myminerals.ca\/en\/wp-json\/wp\/v2\/pages\/10\/revisions\/1396"}],"wp:attachment":[{"href":"https:\/\/myminerals.ca\/en\/wp-json\/wp\/v2\/media?parent=10"}],"curies":[{"name":"wp","href":"https:\/\/api.w.org\/{rel}","templated":true}]}}